{"id":34811,"date":"2018-04-24T17:47:23","date_gmt":"2018-04-24T17:47:23","guid":{"rendered":"https:\/\/jdclassicfurniture.com\/pt\/?page_id=34811"},"modified":"2018-05-14T13:38:08","modified_gmt":"2018-05-14T13:38:08","slug":"produtos","status":"publish","type":"page","link":"https:\/\/jdclassicfurniture.com\/pt\/produtos\/","title":{"rendered":"PRODUTOS"},"content":{"rendered":"<p>[et_pb_section fb_built=&#8221;1&#8243; disabled_on=&#8221;off|off|off&#8221; _builder_version=&#8221;3.0.77&#8243; custom_padding=&#8221;0px|0px|0px|0px&#8221;][et_pb_row custom_padding=&#8221;80px|0px|11px|0px&#8221; make_equal=&#8221;on&#8221; _builder_version=&#8221;3.0.77&#8243; background_size=&#8221;initial&#8221; background_position=&#8221;top_left&#8221; background_repeat=&#8221;repeat&#8221;][et_pb_column type=&#8221;4_4&#8243; _builder_version=&#8221;3.0.47&#8243; parallax=&#8221;off&#8221; parallax_method=&#8221;on&#8221;][et_pb_text admin_label=&#8221;T\u00edtulo&#8221; _builder_version=&#8221;3.1.1&#8243; header_font=&#8221;|||on|&#8221; header_text_align=&#8221;center&#8221; header_font_size=&#8221;35px&#8221; header_font_size_tablet=&#8221;30px&#8221; header_font_size_phone=&#8221;28px&#8221; header_font_size_last_edited=&#8221;on|desktop&#8221; header_line_height=&#8221;1.3em&#8221; text_orientation=&#8221;center&#8221; custom_margin=&#8221;||0px|&#8221; custom_padding=&#8221;||0px|&#8221; animation_direction=&#8221;left&#8221;]<\/p>\n<h1>PRODUTOS<\/h1>\n<p>[\/et_pb_text][et_pb_divider color=&#8221;#B3B3B3&#8243; show_divider=&#8221;on&#8221; divider_position=&#8221;center&#8221; divider_weight=&#8221;1px&#8221; height=&#8221;40px&#8221; disabled_on=&#8221;off|off|off&#8221; admin_label=&#8221;Separador&#8221; _builder_version=&#8221;3.0.77&#8243; max_width=&#8221;100px&#8221; module_alignment=&#8221;center&#8221; custom_margin=&#8221;||0px|&#8221; custom_padding=&#8221;||0px|&#8221; custom_css_main_element=&#8221;||&#8221; hide_on_mobile=&#8221;off&#8221;]&nbsp;<br \/>\n[\/et_pb_divider][et_pb_text admin_label=&#8221;Conte\u00fado&#8221; _builder_version=&#8221;3.1.1&#8243; text_font_size=&#8221;20&#8243; text_line_height=&#8221;1.5em&#8221; text_orientation=&#8221;justified&#8221; module_alignment=&#8221;justified&#8221; custom_margin=&#8221;0px||0px|&#8221; custom_padding=&#8221;0px||0px|&#8221;]<\/p>\n<p>A heran\u00e7a artesanal presente no cora\u00e7\u00e3o da nossa marca permite-nos produzir pe\u00e7as que estabelecem a liga\u00e7\u00e3o entre o antigo e o novo, abra\u00e7ando o nosso passado e iluminando o nosso futuro.<\/p>\n<p>A nossa vasta gama de produtos vai certamente ajud\u00e1-lo a criar o espa\u00e7o perfeito.<\/p>\n<p>[\/et_pb_text][\/et_pb_column][\/et_pb_row][\/et_pb_section][et_pb_section fb_built=&#8221;1&#8243; _builder_version=&#8221;3.1.1&#8243; custom_padding=&#8221;45px|0px|70px|0px&#8221;][et_pb_row _builder_version=&#8221;3.1.1&#8243; animation_style=&#8221;fade&#8221; animation_duration=&#8221;2000ms&#8221;][et_pb_column type=&#8221;1_3&#8243; _builder_version=&#8221;3.1.1&#8243; parallax=&#8221;off&#8221; parallax_method=&#8221;on&#8221;][et_pb_image src=&#8221;https:\/\/jdclassicfurniture.com\/pt\/wp-content\/uploads\/2018\/04\/SALAS2.png&#8221; url=&#8221;https:\/\/jdclassicfurniture.com\/pt\/salas-de-estar-jantar\/&#8221; use_overlay=&#8221;on&#8221; overlay_icon_color=&#8221;rgba(0,0,0,0)&#8221; hover_overlay_color=&#8221;rgba(0,0,0,0.21)&#8221; _builder_version=&#8221;3.1.1&#8243;][\/et_pb_image][\/et_pb_column][et_pb_column type=&#8221;1_3&#8243; _builder_version=&#8221;3.1.1&#8243; parallax=&#8221;off&#8221; parallax_method=&#8221;on&#8221;][et_pb_image src=&#8221;https:\/\/jdclassicfurniture.com\/pt\/wp-content\/uploads\/2018\/04\/QUARTOS2.png&#8221; url=&#8221;https:\/\/jdclassicfurniture.com\/pt\/quartos-2\/&#8221; use_overlay=&#8221;on&#8221; overlay_icon_color=&#8221;rgba(0,0,0,0)&#8221; hover_overlay_color=&#8221;rgba(0,0,0,0.21)&#8221; _builder_version=&#8221;3.1.1&#8243;][\/et_pb_image][\/et_pb_column][et_pb_column type=&#8221;1_3&#8243; _builder_version=&#8221;3.1.1&#8243; parallax=&#8221;off&#8221; parallax_method=&#8221;on&#8221;][et_pb_image src=&#8221;https:\/\/jdclassicfurniture.com\/pt\/wp-content\/uploads\/2018\/04\/complementares2.png&#8221; url=&#8221;https:\/\/jdclassicfurniture.com\/pt\/complementos\/&#8221; use_overlay=&#8221;on&#8221; overlay_icon_color=&#8221;rgba(0,0,0,0)&#8221; hover_overlay_color=&#8221;rgba(0,0,0,0.21)&#8221; _builder_version=&#8221;3.1.1&#8243;][\/et_pb_image][\/et_pb_column][\/et_pb_row][\/et_pb_section][et_pb_section fb_built=&#8221;1&#8243; disabled_on=&#8221;off|off|off&#8221; _builder_version=&#8221;3.0.47&#8243; background_color=&#8221;#2b2c2a&#8221; custom_padding=&#8221;0px||0px|&#8221; custom_padding_tablet=&#8221;0px||0px|&#8221; padding_mobile=&#8221;on&#8221; global_module=&#8221;34289&#8243;][et_pb_row make_fullwidth=&#8221;on&#8221; use_custom_gutter=&#8221;on&#8221; gutter_width=&#8221;2&#8243; custom_padding=&#8221;30px||62px|&#8221; column_padding_mobile=&#8221;on&#8221; parallax_method_1=&#8221;off&#8221; parallax_method_2=&#8221;off&#8221; parallax_method_3=&#8221;off&#8221; _builder_version=&#8221;3.0.47&#8243; background_size=&#8221;initial&#8221; background_position=&#8221;top_left&#8221; background_repeat=&#8221;repeat&#8221;][et_pb_column type=&#8221;1_4&#8243; _builder_version=&#8221;3.0.47&#8243; column_padding_mobile=&#8221;on&#8221; parallax=&#8221;off&#8221; parallax_method=&#8221;off&#8221;][et_pb_text admin_label=&#8221;Rodape nome do site&#8221; _builder_version=&#8221;3.0.77&#8243; text_font=&#8221;||||&#8221; text_text_color=&#8221;#ffffff&#8221; text_font_size=&#8221;17px&#8221; text_line_height=&#8221;1.4em&#8221; background_size=&#8221;initial&#8221; background_position=&#8221;top_left&#8221; background_repeat=&#8221;repeat&#8221; custom_margin=&#8221;||8px|&#8221;]<\/p>\n<p>\u00a9 JD Classic Furniture<\/p>\n<p>[\/et_pb_text][et_pb_text admin_label=&#8221;Rodape nome do site&#8221; _builder_version=&#8221;3.0.77&#8243; text_font=&#8221;||||&#8221; text_text_color=&#8221;#c1c1c1&#8243; text_line_height=&#8221;1.4em&#8221; background_size=&#8221;initial&#8221; background_position=&#8221;top_left&#8221; background_repeat=&#8221;repeat&#8221; custom_margin=&#8221;||8px|&#8221;]<\/p>\n<p>webdesign by: <span style=\"color: #c1c1c1;\"><a style=\"color: #c1c1c1;\" href=\"http:\/\/criativo.net\" target=\"_blank\" rel=\"noopener noreferrer\">criativo.net<\/a><\/span><\/p>\n<p>[\/et_pb_text][\/et_pb_column][et_pb_column type=&#8221;1_2&#8243; _builder_version=&#8221;3.0.47&#8243; column_padding_mobile=&#8221;on&#8221; parallax=&#8221;off&#8221; parallax_method=&#8221;off&#8221;][et_pb_image src=&#8221;https:\/\/jdclassicfurniture.com\/pt\/wp-content\/uploads\/2017\/11\/sponsors_wth.png&#8221; align=&#8221;center&#8221; _builder_version=&#8221;3.0.77&#8243; custom_margin=&#8221;0px||0px|&#8221; custom_padding=&#8221;0px||0px|&#8221;][\/et_pb_image][\/et_pb_column][et_pb_column type=&#8221;1_4&#8243; _builder_version=&#8221;3.0.47&#8243; column_padding_mobile=&#8221;on&#8221; parallax=&#8221;off&#8221; parallax_method=&#8221;off&#8221;][et_pb_social_media_follow disabled_on=&#8221;on|on|off&#8221; admin_label=&#8221;Redes sociais&#8221; _builder_version=&#8221;3.0.77&#8243; border_radii=&#8221;on|100%|100%|100%|100%&#8221; text_orientation=&#8221;right&#8221; custom_margin=&#8221;0px||0px|&#8221; custom_padding=&#8221;0px||0px|&#8221; link_shape=&#8221;circle&#8221;][et_pb_social_media_follow_network social_network=&#8221;facebook&#8221; _builder_version=&#8221;3.0.47&#8243; background_color=&#8221;#3b5998&#8243; bg_color=&#8221;#3b5998&#8243; link_shape=&#8221;circle&#8221; follow_button=&#8221;off&#8221; url_new_window=&#8221;on&#8221;]facebook[\/et_pb_social_media_follow_network][\/et_pb_social_media_follow][et_pb_social_media_follow disabled_on=&#8221;off|off|on&#8221; admin_label=&#8221;Redes sociais&#8221; _builder_version=&#8221;3.0.77&#8243; border_radii=&#8221;on|100%|100%|100%|100%&#8221; text_orientation=&#8221;left&#8221; custom_margin=&#8221;0px||0px|&#8221; custom_padding=&#8221;0px||0px|&#8221; link_shape=&#8221;circle&#8221;][et_pb_social_media_follow_network social_network=&#8221;facebook&#8221; _builder_version=&#8221;3.0.47&#8243; background_color=&#8221;#3b5998&#8243; bg_color=&#8221;#3b5998&#8243; link_shape=&#8221;circle&#8221; follow_button=&#8221;off&#8221; url_new_window=&#8221;on&#8221;]facebook[\/et_pb_social_media_follow_network][\/et_pb_social_media_follow][\/et_pb_column][\/et_pb_row][\/et_pb_section]<\/p>\n","protected":false},"excerpt":{"rendered":"<p>[et_pb_section fb_built=&#8221;1&#8243; disabled_on=&#8221;off|off|off&#8221; _builder_version=&#8221;3.0.77&#8243; custom_padding=&#8221;0px|0px|0px|0px&#8221;][et_pb_row custom_padding=&#8221;80px|0px|11px|0px&#8221; make_equal=&#8221;on&#8221; _builder_version=&#8221;3.0.77&#8243; background_size=&#8221;initial&#8221; background_position=&#8221;top_left&#8221; background_repeat=&#8221;repeat&#8221;][et_pb_column type=&#8221;4_4&#8243; _builder_version=&#8221;3.0.47&#8243; parallax=&#8221;off&#8221; parallax_method=&#8221;on&#8221;][et_pb_text admin_label=&#8221;T\u00edtulo&#8221; _builder_version=&#8221;3.1.1&#8243; header_font=&#8221;|||on|&#8221; header_text_align=&#8221;center&#8221; header_font_size=&#8221;35px&#8221; header_font_size_tablet=&#8221;30px&#8221; header_font_size_phone=&#8221;28px&#8221; header_font_size_last_edited=&#8221;on|desktop&#8221; header_line_height=&#8221;1.3em&#8221; text_orientation=&#8221;center&#8221; custom_margin=&#8221;||0px|&#8221; custom_padding=&#8221;||0px|&#8221; animation_direction=&#8221;left&#8221;] PRODUTOS [\/et_pb_text][et_pb_divider color=&#8221;#B3B3B3&#8243; show_divider=&#8221;on&#8221; divider_position=&#8221;center&#8221; divider_weight=&#8221;1px&#8221; height=&#8221;40px&#8221; disabled_on=&#8221;off|off|off&#8221; admin_label=&#8221;Separador&#8221; _builder_version=&#8221;3.0.77&#8243; max_width=&#8221;100px&#8221; module_alignment=&#8221;center&#8221; custom_margin=&#8221;||0px|&#8221; custom_padding=&#8221;||0px|&#8221; custom_css_main_element=&#8221;||&#8221; hide_on_mobile=&#8221;off&#8221;]&nbsp; [\/et_pb_divider][et_pb_text admin_label=&#8221;Conte\u00fado&#8221; _builder_version=&#8221;3.1.1&#8243; text_font_size=&#8221;20&#8243; text_line_height=&#8221;1.5em&#8221; text_orientation=&#8221;justified&#8221; module_alignment=&#8221;justified&#8221; custom_margin=&#8221;0px||0px|&#8221; custom_padding=&#8221;0px||0px|&#8221;] A heran\u00e7a [&hellip;]<\/p>\n","protected":false},"author":3,"featured_media":0,"parent":0,"menu_order":0,"comment_status":"closed","ping_status":"closed","template":"","meta":{"_et_pb_use_builder":"on","_et_pb_old_content":"","_et_gb_content_width":""},"_links":{"self":[{"href":"https:\/\/jdclassicfurniture.com\/pt\/wp-json\/wp\/v2\/pages\/34811"}],"collection":[{"href":"https:\/\/jdclassicfurniture.com\/pt\/wp-json\/wp\/v2\/pages"}],"about":[{"href":"https:\/\/jdclassicfurniture.com\/pt\/wp-json\/wp\/v2\/types\/page"}],"author":[{"embeddable":true,"href":"https:\/\/jdclassicfurniture.com\/pt\/wp-json\/wp\/v2\/users\/3"}],"replies":[{"embeddable":true,"href":"https:\/\/jdclassicfurniture.com\/pt\/wp-json\/wp\/v2\/comments?post=34811"}],"version-history":[{"count":20,"href":"https:\/\/jdclassicfurniture.com\/pt\/wp-json\/wp\/v2\/pages\/34811\/revisions"}],"predecessor-version":[{"id":35062,"href":"https:\/\/jdclassicfurniture.com\/pt\/wp-json\/wp\/v2\/pages\/34811\/revisions\/35062"}],"wp:attachment":[{"href":"https:\/\/jdclassicfurniture.com\/pt\/wp-json\/wp\/v2\/media?parent=34811"}],"curies":[{"name":"wp","href":"https:\/\/api.w.org\/{rel}","templated":true}]}}