{"id":34851,"date":"2018-04-26T10:06:33","date_gmt":"2018-04-26T10:06:33","guid":{"rendered":"https:\/\/jdclassicfurniture.com\/pt\/?page_id=34851"},"modified":"2018-05-30T13:52:41","modified_gmt":"2018-05-30T13:52:41","slug":"salas-de-estar-jantar","status":"publish","type":"page","link":"https:\/\/jdclassicfurniture.com\/pt\/salas-de-estar-jantar\/","title":{"rendered":"SALAS DE ESTAR\/JANTAR"},"content":{"rendered":"<p>[et_pb_section fb_built=&#8221;1&#8243; _builder_version=&#8221;3.1.1&#8243; custom_padding=&#8221;80px|0px|54px|0px&#8221; animation_style=&#8221;fade&#8221; animation_duration=&#8221;2000ms&#8221;][et_pb_row use_custom_width=&#8221;on&#8221; custom_width_px=&#8221;900px&#8221; custom_padding=&#8221;0|0px|0px|0px&#8221; _builder_version=&#8221;3.1.1&#8243; background_size=&#8221;initial&#8221; background_position=&#8221;top_left&#8221; background_repeat=&#8221;repeat&#8221; border_width_all=&#8221;2px&#8221; border_color_all=&#8221;rgba(219,219,219,0.72)&#8221; box_shadow_style=&#8221;preset1&#8243; box_shadow_vertical=&#8221;1px&#8221; box_shadow_blur=&#8221;7px&#8221; box_shadow_color=&#8221;rgba(109,109,109,0.38)&#8221;][et_pb_column type=&#8221;1_3&#8243; _builder_version=&#8221;3.0.47&#8243; parallax=&#8221;off&#8221; parallax_method=&#8221;on&#8221;][et_pb_image src=&#8221;https:\/\/jdclassicfurniture.com\/pt\/wp-content\/uploads\/2018\/04\/SALAS2.png&#8221; _builder_version=&#8221;3.1.1&#8243; animation_direction=&#8221;left&#8221;]&nbsp;<br \/>\n[\/et_pb_image][\/et_pb_column][et_pb_column type=&#8221;2_3&#8243; _builder_version=&#8221;3.0.47&#8243; parallax=&#8221;off&#8221; parallax_method=&#8221;on&#8221;][et_pb_text admin_label=&#8221;Conte\u00fado&#8221; _builder_version=&#8221;3.1.1&#8243; text_font=&#8221;||on||||||&#8221; text_font_size=&#8221;22px&#8221; text_line_height=&#8221;1.5em&#8221; text_orientation=&#8221;center&#8221; module_alignment=&#8221;justified&#8221; custom_margin=&#8221;70px|60px|0px|&#8221; custom_margin_phone=&#8221;0px|20px|20px|20px&#8221; custom_margin_last_edited=&#8221;on|phone&#8221; custom_padding=&#8221;0px||0px|&#8221;]As nossas salas v\u00e3o permitir que crie um espa\u00e7o acolhedor para si e para os seus convidados e v\u00e3o contribuir para que cada momento ali seja uma ocasi\u00e3o especial.<br \/>\n[\/et_pb_text][\/et_pb_column][\/et_pb_row][\/et_pb_section][et_pb_section fb_built=&#8221;1&#8243; _builder_version=&#8221;3.1.1&#8243; custom_padding=&#8221;0|0px|54px|0px&#8221;][et_pb_row use_custom_gutter=&#8221;on&#8221; gutter_width=&#8221;2&#8243; _builder_version=&#8221;3.1.1&#8243; animation_style=&#8221;fade&#8221; animation_duration=&#8221;2000ms&#8221;][et_pb_column type=&#8221;1_2&#8243; _builder_version=&#8221;3.0.47&#8243; parallax=&#8221;off&#8221; parallax_method=&#8221;on&#8221;][et_pb_image src=&#8221;https:\/\/jdclassicfurniture.com\/pt\/wp-content\/uploads\/2018\/04\/sala01.jpg&#8221; use_overlay=&#8221;on&#8221; _builder_version=&#8221;3.1.1&#8243; custom_margin=&#8221;||0px|&#8221;]&nbsp;<br \/>\n[\/et_pb_image][et_pb_text _builder_version=&#8221;3.1.1&#8243; text_font=&#8221;|300|||||||&#8221; text_font_size=&#8221;18px&#8221; text_letter_spacing=&#8221;0.5px&#8221; text_line_height=&#8221;1.3em&#8221; header_font=&#8221;||||||||&#8221; border_width_all=&#8221;2px&#8221; border_color_all=&#8221;#d8d8d8&#8243; custom_margin=&#8221;0px|0px|0px|0px&#8221; custom_padding=&#8221;10px|0px|10px|20px&#8221;]<\/p>\n<p><strong><span style=\"color: #333333;\">EL LORD<\/span><br \/> <\/strong><em>Cole\u00e7\u00e3o Divine<\/em><br \/> <em> Sala de Estar 1<\/em><\/p>\n<p>[\/et_pb_text][\/et_pb_column][et_pb_column type=&#8221;1_2&#8243; _builder_version=&#8221;3.0.47&#8243; parallax=&#8221;off&#8221; parallax_method=&#8221;on&#8221;][et_pb_image src=&#8221;https:\/\/jdclassicfurniture.com\/pt\/wp-content\/uploads\/2018\/04\/sala02.jpg&#8221; _builder_version=&#8221;3.1.1&#8243; custom_margin=&#8221;||0px|&#8221;]&nbsp;<br \/>\n[\/et_pb_image][et_pb_text _builder_version=&#8221;3.1.1&#8243; text_font=&#8221;||||||||&#8221; text_font_size=&#8221;18px&#8221; text_letter_spacing=&#8221;0.5px&#8221; text_line_height=&#8221;1.3em&#8221; header_font=&#8221;||||||||&#8221; border_width_all=&#8221;2px&#8221; border_color_all=&#8221;#d8d8d8&#8243; custom_margin=&#8221;0px|0px|0px|0px&#8221; custom_padding=&#8221;10px|0px|10px|20px&#8221;]<\/p>\n<p><span style=\"color: #333333;\"><strong>EL LORD<\/strong><\/span><br \/> <em>Cole\u00e7\u00e3o Divine<\/em><br \/><em> Sala de Estar 2<\/em><\/p>\n<p>[\/et_pb_text][\/et_pb_column][\/et_pb_row][et_pb_row use_custom_gutter=&#8221;on&#8221; gutter_width=&#8221;2&#8243; custom_padding=&#8221;0|0px|27px|0px&#8221; _builder_version=&#8221;3.1.1&#8243; animation_style=&#8221;fade&#8221; animation_duration=&#8221;2000ms&#8221;][et_pb_column type=&#8221;1_2&#8243; _builder_version=&#8221;3.0.47&#8243; parallax=&#8221;off&#8221; parallax_method=&#8221;on&#8221;][et_pb_image src=&#8221;https:\/\/jdclassicfurniture.com\/pt\/wp-content\/uploads\/2018\/04\/sala03.jpg&#8221; use_overlay=&#8221;on&#8221; _builder_version=&#8221;3.1.1&#8243; custom_margin=&#8221;||0px|&#8221;]&nbsp;<br \/>\n[\/et_pb_image][et_pb_text _builder_version=&#8221;3.1.1&#8243; text_font=&#8221;||||||||&#8221; text_font_size=&#8221;18px&#8221; text_letter_spacing=&#8221;0.5px&#8221; text_line_height=&#8221;1.3em&#8221; header_font=&#8221;||||||||&#8221; border_width_all=&#8221;2px&#8221; border_color_all=&#8221;#d8d8d8&#8243; custom_margin=&#8221;0px|0px|0px|0px&#8221; custom_padding=&#8221;10px|0px|10px|20px&#8221;]<\/p>\n<p><span style=\"color: #333333;\"><strong>88 EDITION<\/strong><\/span><br \/> <em>Cole\u00e7\u00e3o Elegance<\/em><br \/><em> Sala de Estar<\/em><\/p>\n<p>[\/et_pb_text][\/et_pb_column][et_pb_column type=&#8221;1_2&#8243; _builder_version=&#8221;3.0.47&#8243; parallax=&#8221;off&#8221; parallax_method=&#8221;on&#8221;][et_pb_image src=&#8221;https:\/\/jdclassicfurniture.com\/pt\/wp-content\/uploads\/2018\/04\/sala04.jpg&#8221; _builder_version=&#8221;3.1.1&#8243; custom_margin=&#8221;||0px|&#8221;]&nbsp;<br \/>\n[\/et_pb_image][et_pb_text _builder_version=&#8221;3.1.1&#8243; text_font=&#8221;||||||||&#8221; text_font_size=&#8221;18px&#8221; text_letter_spacing=&#8221;0.5px&#8221; text_line_height=&#8221;1.3em&#8221; header_font=&#8221;||||||||&#8221; border_width_all=&#8221;2px&#8221; border_color_all=&#8221;#d8d8d8&#8243; custom_margin=&#8221;0px|0px|0px|0px&#8221; custom_padding=&#8221;10px|0px|10px|20px&#8221;]<\/p>\n<p><span style=\"color: #333333;\"><strong>EL LORD<\/strong><\/span><br \/> <em>Cole\u00e7\u00e3o Heart<\/em><br \/><em> Sala de Estar 1<\/em><\/p>\n<p>[\/et_pb_text][\/et_pb_column][\/et_pb_row][et_pb_row use_custom_gutter=&#8221;on&#8221; gutter_width=&#8221;2&#8243; custom_padding=&#8221;0|0px|27px|0px&#8221; _builder_version=&#8221;3.1.1&#8243; animation_style=&#8221;fade&#8221; animation_duration=&#8221;2000ms&#8221;][et_pb_column type=&#8221;1_2&#8243; _builder_version=&#8221;3.0.47&#8243; parallax=&#8221;off&#8221; parallax_method=&#8221;on&#8221;][et_pb_image src=&#8221;https:\/\/jdclassicfurniture.com\/pt\/wp-content\/uploads\/2018\/04\/Sala05.jpg&#8221; use_overlay=&#8221;on&#8221; _builder_version=&#8221;3.1.1&#8243; custom_margin=&#8221;||0px|&#8221;]&nbsp;<br \/>\n[\/et_pb_image][et_pb_text _builder_version=&#8221;3.1.1&#8243; text_font=&#8221;||||||||&#8221; text_font_size=&#8221;18px&#8221; text_letter_spacing=&#8221;0.5px&#8221; text_line_height=&#8221;1.3em&#8221; header_font=&#8221;||||||||&#8221; border_width_all=&#8221;2px&#8221; border_color_all=&#8221;#d8d8d8&#8243; custom_margin=&#8221;0px|0px|0px|0px&#8221; custom_padding=&#8221;10px|0px|10px|20px&#8221;]<\/p>\n<p><span style=\"color: #333333;\"><strong>EL LORD<\/strong><\/span><br \/> <em>Cole\u00e7\u00e3o Heart<\/em><br \/><em> Sala de Estar 2<\/em><\/p>\n<p>[\/et_pb_text][\/et_pb_column][et_pb_column type=&#8221;1_2&#8243; _builder_version=&#8221;3.0.47&#8243; parallax=&#8221;off&#8221; parallax_method=&#8221;on&#8221;][et_pb_image src=&#8221;https:\/\/jdclassicfurniture.com\/pt\/wp-content\/uploads\/2018\/04\/Sala06.jpg&#8221; _builder_version=&#8221;3.1.1&#8243; custom_margin=&#8221;||0px|&#8221;]&nbsp;<br \/>\n[\/et_pb_image][et_pb_text _builder_version=&#8221;3.1.1&#8243; text_font=&#8221;||||||||&#8221; text_font_size=&#8221;18px&#8221; text_letter_spacing=&#8221;0.5px&#8221; text_line_height=&#8221;1.3em&#8221; header_font=&#8221;||||||||&#8221; border_width_all=&#8221;2px&#8221; border_color_all=&#8221;#d8d8d8&#8243; custom_margin=&#8221;0px|0px|0px|0px&#8221; custom_padding=&#8221;10px|0px|10px|20px&#8221;]<\/p>\n<p><span style=\"color: #333333;\"><strong>EL LORD<\/strong><\/span><br \/> <em>Cole\u00e7\u00e3o Heart<\/em><br \/><em> Sala de Jantar 3<\/em><\/p>\n<p>[\/et_pb_text][\/et_pb_column][\/et_pb_row][et_pb_row use_custom_gutter=&#8221;on&#8221; gutter_width=&#8221;2&#8243; custom_padding=&#8221;0|0px|27px|0px&#8221; _builder_version=&#8221;3.1.1&#8243; animation_style=&#8221;fade&#8221; animation_duration=&#8221;2000ms&#8221;][et_pb_column type=&#8221;1_2&#8243; _builder_version=&#8221;3.0.47&#8243; parallax=&#8221;off&#8221; parallax_method=&#8221;on&#8221;][et_pb_image src=&#8221;https:\/\/jdclassicfurniture.com\/pt\/wp-content\/uploads\/2018\/04\/Sala07.jpg&#8221; use_overlay=&#8221;on&#8221; _builder_version=&#8221;3.1.1&#8243; custom_margin=&#8221;||0px|&#8221;]&nbsp;<br \/>\n[\/et_pb_image][et_pb_text _builder_version=&#8221;3.1.1&#8243; text_font=&#8221;||||||||&#8221; text_font_size=&#8221;18px&#8221; text_letter_spacing=&#8221;0.5px&#8221; text_line_height=&#8221;1.3em&#8221; header_font=&#8221;||||||||&#8221; border_width_all=&#8221;2px&#8221; border_color_all=&#8221;#d8d8d8&#8243; custom_margin=&#8221;0px|0px|0px|0px&#8221; custom_padding=&#8221;10px|0px|10px|20px&#8221;]<\/p>\n<p><span style=\"color: #333333;\"><strong>88 EDITION<\/strong><\/span><br \/><em> Cole\u00e7\u00e3o Vintage<\/em><br \/><em> Sala de Estar<\/em><\/p>\n<p>[\/et_pb_text][\/et_pb_column][et_pb_column type=&#8221;1_2&#8243; _builder_version=&#8221;3.0.47&#8243; parallax=&#8221;off&#8221; parallax_method=&#8221;on&#8221;][et_pb_image src=&#8221;https:\/\/jdclassicfurniture.com\/pt\/wp-content\/uploads\/2018\/04\/Sala08.jpg&#8221; _builder_version=&#8221;3.1.1&#8243; custom_margin=&#8221;||0px|&#8221;]&nbsp;<br \/>\n[\/et_pb_image][et_pb_text _builder_version=&#8221;3.1.1&#8243; text_font=&#8221;||||||||&#8221; text_font_size=&#8221;18px&#8221; text_letter_spacing=&#8221;0.5px&#8221; text_line_height=&#8221;1.3em&#8221; header_font=&#8221;||||||||&#8221; border_width_all=&#8221;2px&#8221; border_color_all=&#8221;#d8d8d8&#8243; custom_margin=&#8221;0px|0px|0px|0px&#8221; custom_padding=&#8221;10px|0px|10px|20px&#8221;]<\/p>\n<p><span style=\"color: #333333;\"><strong>EL LORD<\/strong><\/span><br \/><em> Cole\u00e7\u00e3o Divine<\/em><br \/><em> Sala de Jantar<\/em><\/p>\n<p>[\/et_pb_text][\/et_pb_column][\/et_pb_row][et_pb_row use_custom_gutter=&#8221;on&#8221; gutter_width=&#8221;2&#8243; custom_padding=&#8221;0|0px|27px|0px&#8221; _builder_version=&#8221;3.1.1&#8243; animation_style=&#8221;fade&#8221; animation_duration=&#8221;2000ms&#8221;][et_pb_column type=&#8221;1_2&#8243; _builder_version=&#8221;3.0.47&#8243; parallax=&#8221;off&#8221; parallax_method=&#8221;on&#8221;][et_pb_image src=&#8221;https:\/\/jdclassicfurniture.com\/pt\/wp-content\/uploads\/2018\/04\/Sala09.jpg&#8221; use_overlay=&#8221;on&#8221; _builder_version=&#8221;3.1.1&#8243; custom_margin=&#8221;||0px|&#8221;]&nbsp;<br \/>\n[\/et_pb_image][et_pb_text _builder_version=&#8221;3.1.1&#8243; text_font=&#8221;||||||||&#8221; text_font_size=&#8221;18px&#8221; text_letter_spacing=&#8221;0.5px&#8221; text_line_height=&#8221;1.3em&#8221; header_font=&#8221;||||||||&#8221; border_width_all=&#8221;2px&#8221; border_color_all=&#8221;#d8d8d8&#8243; custom_margin=&#8221;0px|0px|0px|0px&#8221; custom_padding=&#8221;10px|0px|10px|20px&#8221;]<\/p>\n<p><span style=\"color: #333333;\"><strong>EL LORD<\/strong><\/span><br \/> <em>Cole\u00e7\u00e3o Heart<\/em><br \/><em> Sala de Jantar 1<\/em><\/p>\n<p>[\/et_pb_text][\/et_pb_column][et_pb_column type=&#8221;1_2&#8243; _builder_version=&#8221;3.0.47&#8243; parallax=&#8221;off&#8221; parallax_method=&#8221;on&#8221;][et_pb_image src=&#8221;https:\/\/jdclassicfurniture.com\/pt\/wp-content\/uploads\/2018\/04\/Sala10.jpg&#8221; _builder_version=&#8221;3.1.1&#8243; custom_margin=&#8221;||0px|&#8221;]&nbsp;<br \/>\n[\/et_pb_image][et_pb_text _builder_version=&#8221;3.1.1&#8243; text_font=&#8221;||||||||&#8221; text_font_size=&#8221;18px&#8221; text_letter_spacing=&#8221;0.5px&#8221; text_line_height=&#8221;1.3em&#8221; header_font=&#8221;||||||||&#8221; border_width_all=&#8221;2px&#8221; border_color_all=&#8221;#d8d8d8&#8243; custom_margin=&#8221;0px|0px|0px|0px&#8221; custom_padding=&#8221;10px|0px|10px|20px&#8221;]<\/p>\n<p><span style=\"color: #333333;\"><strong>EL LORD<\/strong><\/span><br \/> <em>Cole\u00e7\u00e3o Heart<\/em><br \/><em> Sala de Jantar 2<\/em><\/p>\n<p>[\/et_pb_text][\/et_pb_column][\/et_pb_row][et_pb_row use_custom_gutter=&#8221;on&#8221; gutter_width=&#8221;2&#8243; custom_padding=&#8221;0|0px|27px|0px&#8221; _builder_version=&#8221;3.1.1&#8243; animation_style=&#8221;fade&#8221; animation_duration=&#8221;2000ms&#8221;][et_pb_column type=&#8221;1_2&#8243; _builder_version=&#8221;3.0.47&#8243; parallax=&#8221;off&#8221; parallax_method=&#8221;on&#8221;][et_pb_image src=&#8221;https:\/\/jdclassicfurniture.com\/pt\/wp-content\/uploads\/2018\/04\/Sala11.jpg&#8221; use_overlay=&#8221;on&#8221; _builder_version=&#8221;3.1.1&#8243; custom_margin=&#8221;||0px|&#8221;]&nbsp;<br \/>\n[\/et_pb_image][et_pb_text _builder_version=&#8221;3.1.1&#8243; text_font=&#8221;||||||||&#8221; text_font_size=&#8221;18px&#8221; text_letter_spacing=&#8221;0.5px&#8221; text_line_height=&#8221;1.3em&#8221; header_font=&#8221;||||||||&#8221; border_width_all=&#8221;2px&#8221; border_color_all=&#8221;#d8d8d8&#8243; custom_margin=&#8221;0px|0px|0px|0px&#8221; custom_padding=&#8221;10px|0px|10px|20px&#8221;]<\/p>\n<p><span style=\"color: #333333;\"><strong>88 EDITION<\/strong><\/span><br \/> <em>Cole\u00e7\u00e3o Retro<\/em><br \/><em> Sala de Jantar<\/em><\/p>\n<p>[\/et_pb_text][\/et_pb_column][et_pb_column type=&#8221;1_2&#8243; _builder_version=&#8221;3.0.47&#8243; parallax=&#8221;off&#8221; parallax_method=&#8221;on&#8221;][et_pb_image src=&#8221;https:\/\/jdclassicfurniture.com\/pt\/wp-content\/uploads\/2018\/04\/Sala12.jpg&#8221; _builder_version=&#8221;3.1.1&#8243; custom_margin=&#8221;||0px|&#8221;]&nbsp;<br \/>\n[\/et_pb_image][et_pb_text _builder_version=&#8221;3.1.1&#8243; text_font=&#8221;||||||||&#8221; text_font_size=&#8221;18px&#8221; text_letter_spacing=&#8221;0.5px&#8221; text_line_height=&#8221;1.3em&#8221; header_font=&#8221;||||||||&#8221; border_width_all=&#8221;2px&#8221; border_color_all=&#8221;#d8d8d8&#8243; custom_margin=&#8221;0px|0px|0px|0px&#8221; custom_padding=&#8221;10px|0px|10px|20px&#8221;]<\/p>\n<p><span style=\"color: #333333;\"><strong>88 EDITION<\/strong><\/span><br \/><em>Cole\u00e7\u00e3o Vintage<br \/> Sala de Jantar<\/em><\/p>\n<p>[\/et_pb_text][\/et_pb_column][\/et_pb_row][et_pb_row use_custom_gutter=&#8221;on&#8221; gutter_width=&#8221;2&#8243; custom_padding=&#8221;0|0px|27px|0px&#8221; _builder_version=&#8221;3.1.1&#8243; animation_style=&#8221;fade&#8221; animation_duration=&#8221;2000ms&#8221;][et_pb_column type=&#8221;1_2&#8243; _builder_version=&#8221;3.0.47&#8243; parallax=&#8221;off&#8221; parallax_method=&#8221;on&#8221;][et_pb_image src=&#8221;https:\/\/jdclassicfurniture.com\/pt\/wp-content\/uploads\/2018\/04\/Sala13.jpg&#8221; use_overlay=&#8221;on&#8221; _builder_version=&#8221;3.1.1&#8243; custom_margin=&#8221;||0px|&#8221;]&nbsp;<br \/>\n[\/et_pb_image][et_pb_text _builder_version=&#8221;3.1.1&#8243; text_font=&#8221;||||||||&#8221; text_font_size=&#8221;18px&#8221; text_letter_spacing=&#8221;0.5px&#8221; text_line_height=&#8221;1.3em&#8221; header_font=&#8221;||||||||&#8221; border_width_all=&#8221;2px&#8221; border_color_all=&#8221;#d8d8d8&#8243; custom_margin=&#8221;0px|0px|0px|0px&#8221; custom_padding=&#8221;10px|0px|10px|20px&#8221;]<\/p>\n<p><strong><span style=\"color: #333333;\">88 EDITION<\/span><br \/> <\/strong><em>Cole\u00e7\u00e3o Elegance<\/em><br \/><em> Sala de Jantar<\/em><\/p>\n<p>[\/et_pb_text][\/et_pb_column][et_pb_column type=&#8221;1_2&#8243; _builder_version=&#8221;3.0.47&#8243; parallax=&#8221;off&#8221; parallax_method=&#8221;on&#8221;][\/et_pb_column][\/et_pb_row][\/et_pb_section][et_pb_section fb_built=&#8221;1&#8243; disabled_on=&#8221;off|off|off&#8221; _builder_version=&#8221;3.0.47&#8243; background_color=&#8221;#2b2c2a&#8221; custom_padding=&#8221;0px||0px|&#8221; custom_padding_tablet=&#8221;0px||0px|&#8221; padding_mobile=&#8221;on&#8221; global_module=&#8221;34289&#8243;][et_pb_row make_fullwidth=&#8221;on&#8221; use_custom_gutter=&#8221;on&#8221; gutter_width=&#8221;2&#8243; custom_padding=&#8221;30px||62px|&#8221; column_padding_mobile=&#8221;on&#8221; parallax_method_1=&#8221;off&#8221; parallax_method_2=&#8221;off&#8221; parallax_method_3=&#8221;off&#8221; _builder_version=&#8221;3.0.47&#8243; background_size=&#8221;initial&#8221; background_position=&#8221;top_left&#8221; background_repeat=&#8221;repeat&#8221;][et_pb_column type=&#8221;1_4&#8243; _builder_version=&#8221;3.0.47&#8243; column_padding_mobile=&#8221;on&#8221; parallax=&#8221;off&#8221; parallax_method=&#8221;off&#8221;][et_pb_text admin_label=&#8221;Rodape nome do site&#8221; _builder_version=&#8221;3.0.77&#8243; text_font=&#8221;||||&#8221; text_text_color=&#8221;#ffffff&#8221; text_font_size=&#8221;17px&#8221; text_line_height=&#8221;1.4em&#8221; background_size=&#8221;initial&#8221; background_position=&#8221;top_left&#8221; background_repeat=&#8221;repeat&#8221; custom_margin=&#8221;||8px|&#8221;]<\/p>\n<p>\u00a9 JD Classic Furniture<\/p>\n<p>[\/et_pb_text][et_pb_text admin_label=&#8221;Rodape nome do site&#8221; _builder_version=&#8221;3.0.77&#8243; text_font=&#8221;||||&#8221; text_text_color=&#8221;#c1c1c1&#8243; text_line_height=&#8221;1.4em&#8221; background_size=&#8221;initial&#8221; background_position=&#8221;top_left&#8221; background_repeat=&#8221;repeat&#8221; custom_margin=&#8221;||8px|&#8221;]<\/p>\n<p>webdesign by: <span style=\"color: #c1c1c1;\"><a style=\"color: #c1c1c1;\" href=\"http:\/\/criativo.net\" target=\"_blank\" rel=\"noopener noreferrer\">criativo.net<\/a><\/span><\/p>\n<p>[\/et_pb_text][\/et_pb_column][et_pb_column type=&#8221;1_2&#8243; _builder_version=&#8221;3.0.47&#8243; column_padding_mobile=&#8221;on&#8221; parallax=&#8221;off&#8221; parallax_method=&#8221;off&#8221;][et_pb_image src=&#8221;https:\/\/jdclassicfurniture.com\/pt\/wp-content\/uploads\/2017\/11\/sponsors_wth.png&#8221; align=&#8221;center&#8221; _builder_version=&#8221;3.0.77&#8243; custom_margin=&#8221;0px||0px|&#8221; custom_padding=&#8221;0px||0px|&#8221;][\/et_pb_image][\/et_pb_column][et_pb_column type=&#8221;1_4&#8243; _builder_version=&#8221;3.0.47&#8243; column_padding_mobile=&#8221;on&#8221; parallax=&#8221;off&#8221; parallax_method=&#8221;off&#8221;][et_pb_social_media_follow disabled_on=&#8221;on|on|off&#8221; admin_label=&#8221;Redes sociais&#8221; _builder_version=&#8221;3.0.77&#8243; border_radii=&#8221;on|100%|100%|100%|100%&#8221; text_orientation=&#8221;right&#8221; custom_margin=&#8221;0px||0px|&#8221; custom_padding=&#8221;0px||0px|&#8221; link_shape=&#8221;circle&#8221;][et_pb_social_media_follow_network social_network=&#8221;facebook&#8221; _builder_version=&#8221;3.0.47&#8243; background_color=&#8221;#3b5998&#8243; bg_color=&#8221;#3b5998&#8243; link_shape=&#8221;circle&#8221; follow_button=&#8221;off&#8221; url_new_window=&#8221;on&#8221;]facebook[\/et_pb_social_media_follow_network][\/et_pb_social_media_follow][et_pb_social_media_follow disabled_on=&#8221;off|off|on&#8221; admin_label=&#8221;Redes sociais&#8221; _builder_version=&#8221;3.0.77&#8243; border_radii=&#8221;on|100%|100%|100%|100%&#8221; text_orientation=&#8221;left&#8221; custom_margin=&#8221;0px||0px|&#8221; custom_padding=&#8221;0px||0px|&#8221; link_shape=&#8221;circle&#8221;][et_pb_social_media_follow_network social_network=&#8221;facebook&#8221; _builder_version=&#8221;3.0.47&#8243; background_color=&#8221;#3b5998&#8243; bg_color=&#8221;#3b5998&#8243; link_shape=&#8221;circle&#8221; follow_button=&#8221;off&#8221; url_new_window=&#8221;on&#8221;]facebook[\/et_pb_social_media_follow_network][\/et_pb_social_media_follow][\/et_pb_column][\/et_pb_row][\/et_pb_section]<\/p>\n","protected":false},"excerpt":{"rendered":"<p>[et_pb_section fb_built=&#8221;1&#8243; _builder_version=&#8221;3.1.1&#8243; custom_padding=&#8221;80px|0px|54px|0px&#8221; animation_style=&#8221;fade&#8221; animation_duration=&#8221;2000ms&#8221;][et_pb_row use_custom_width=&#8221;on&#8221; custom_width_px=&#8221;900px&#8221; custom_padding=&#8221;0|0px|0px|0px&#8221; _builder_version=&#8221;3.1.1&#8243; background_size=&#8221;initial&#8221; background_position=&#8221;top_left&#8221; background_repeat=&#8221;repeat&#8221; border_width_all=&#8221;2px&#8221; border_color_all=&#8221;rgba(219,219,219,0.72)&#8221; box_shadow_style=&#8221;preset1&#8243; box_shadow_vertical=&#8221;1px&#8221; box_shadow_blur=&#8221;7px&#8221; box_shadow_color=&#8221;rgba(109,109,109,0.38)&#8221;][et_pb_column type=&#8221;1_3&#8243; _builder_version=&#8221;3.0.47&#8243; parallax=&#8221;off&#8221; parallax_method=&#8221;on&#8221;][et_pb_image src=&#8221;https:\/\/jdclassicfurniture.com\/pt\/wp-content\/uploads\/2018\/04\/SALAS2.png&#8221; _builder_version=&#8221;3.1.1&#8243; animation_direction=&#8221;left&#8221;]&nbsp; [\/et_pb_image][\/et_pb_column][et_pb_column type=&#8221;2_3&#8243; _builder_version=&#8221;3.0.47&#8243; parallax=&#8221;off&#8221; parallax_method=&#8221;on&#8221;][et_pb_text admin_label=&#8221;Conte\u00fado&#8221; _builder_version=&#8221;3.1.1&#8243; text_font=&#8221;||on||||||&#8221; text_font_size=&#8221;22px&#8221; text_line_height=&#8221;1.5em&#8221; text_orientation=&#8221;center&#8221; module_alignment=&#8221;justified&#8221; custom_margin=&#8221;70px|60px|0px|&#8221; custom_margin_phone=&#8221;0px|20px|20px|20px&#8221; custom_margin_last_edited=&#8221;on|phone&#8221; custom_padding=&#8221;0px||0px|&#8221;]As nossas salas v\u00e3o permitir que crie um espa\u00e7o acolhedor para si e para [&hellip;]<\/p>\n","protected":false},"author":3,"featured_media":0,"parent":0,"menu_order":0,"comment_status":"closed","ping_status":"closed","template":"","meta":{"_et_pb_use_builder":"on","_et_pb_old_content":"","_et_gb_content_width":""},"_links":{"self":[{"href":"https:\/\/jdclassicfurniture.com\/pt\/wp-json\/wp\/v2\/pages\/34851"}],"collection":[{"href":"https:\/\/jdclassicfurniture.com\/pt\/wp-json\/wp\/v2\/pages"}],"about":[{"href":"https:\/\/jdclassicfurniture.com\/pt\/wp-json\/wp\/v2\/types\/page"}],"author":[{"embeddable":true,"href":"https:\/\/jdclassicfurniture.com\/pt\/wp-json\/wp\/v2\/users\/3"}],"replies":[{"embeddable":true,"href":"https:\/\/jdclassicfurniture.com\/pt\/wp-json\/wp\/v2\/comments?post=34851"}],"version-history":[{"count":48,"href":"https:\/\/jdclassicfurniture.com\/pt\/wp-json\/wp\/v2\/pages\/34851\/revisions"}],"predecessor-version":[{"id":35928,"href":"https:\/\/jdclassicfurniture.com\/pt\/wp-json\/wp\/v2\/pages\/34851\/revisions\/35928"}],"wp:attachment":[{"href":"https:\/\/jdclassicfurniture.com\/pt\/wp-json\/wp\/v2\/media?parent=34851"}],"curies":[{"name":"wp","href":"https:\/\/api.w.org\/{rel}","templated":true}]}}