{"id":36123,"date":"2019-05-27T14:22:48","date_gmt":"2019-05-27T14:22:48","guid":{"rendered":"https:\/\/jdclassicfurniture.com\/pt\/?page_id=36123"},"modified":"2019-05-27T14:24:21","modified_gmt":"2019-05-27T14:24:21","slug":"noticias","status":"publish","type":"page","link":"https:\/\/jdclassicfurniture.com\/pt\/noticias\/","title":{"rendered":"Noticias"},"content":{"rendered":"<p>[et_pb_section fb_built=&#8221;1&#8243; _builder_version=&#8221;3.22.3&#8243; background_color=&#8221;#e5e5e5&#8243; custom_margin=&#8221;0px||0px||true&#8221; custom_padding=&#8221;60px||60px||true&#8221; locked=&#8221;off&#8221;][et_pb_row use_custom_gutter=&#8221;on&#8221; gutter_width=&#8221;2&#8243; custom_padding=&#8221;0px||0px||true&#8221; custom_margin=&#8221;0px||0px||true&#8221; _builder_version=&#8221;3.22.3&#8243;][et_pb_column type=&#8221;4_4&#8243; _builder_version=&#8221;3.21.4&#8243;][et_pb_text admin_label=&#8221;T\u00edtulo&#8221; _builder_version=&#8221;3.23.3&#8243; header_font=&#8221;|||on|&#8221; header_text_align=&#8221;center&#8221; header_font_size=&#8221;35px&#8221; header_line_height=&#8221;1.3em&#8221; text_orientation=&#8221;center&#8221; custom_margin=&#8221;||0px|&#8221; custom_padding=&#8221;||0px|&#8221; animation_direction=&#8221;left&#8221; header_font_size_tablet=&#8221;30px&#8221; header_font_size_phone=&#8221;28px&#8221; header_font_size_last_edited=&#8221;on|desktop&#8221;]<\/p>\n<h1>As nossas not\u00edcias<\/h1>\n<p>[\/et_pb_text][et_pb_divider color=&#8221;#B3B3B3&#8243; divider_position=&#8221;center&#8221; divider_weight=&#8221;1px&#8221; disabled_on=&#8221;off|off|off&#8221; admin_label=&#8221;Separador&#8221; _builder_version=&#8221;3.21.4&#8243; max_width=&#8221;100px&#8221; module_alignment=&#8221;center&#8221; height=&#8221;40px&#8221; custom_margin=&#8221;0px||30px||false&#8221; custom_padding=&#8221;0px||0px||true&#8221; custom_css_main_element=&#8221;||&#8221; hide_on_mobile=&#8221;off&#8221;][\/et_pb_divider][et_pb_blog fullwidth=&#8221;off&#8221; posts_number=&#8221;100&#8243; show_author=&#8221;off&#8221; show_categories=&#8221;off&#8221; show_pagination=&#8221;off&#8221; _builder_version=&#8221;3.23.3&#8243; header_font=&#8221;||||||||&#8221; header_line_height=&#8221;1.2em&#8221; border_radii=&#8221;on|5px|5px|5px|5px&#8221; custom_margin=&#8221;0px||0px||true&#8221; custom_padding=&#8221;0px||0px||true&#8221; custom_css_content=&#8221;display: none;&#8221;][\/et_pb_blog][\/et_pb_column][\/et_pb_row][\/et_pb_section][et_pb_section fb_built=&#8221;1&#8243; disabled_on=&#8221;off|off|off&#8221; _builder_version=&#8221;3.22.3&#8243; background_color=&#8221;#2b2c2a&#8221; custom_padding=&#8221;0px||0px|&#8221; custom_padding_tablet=&#8221;0px||0px|&#8221; padding_mobile=&#8221;on&#8221; global_module=&#8221;34289&#8243;][et_pb_row use_custom_gutter=&#8221;on&#8221; gutter_width=&#8221;2&#8243; custom_padding=&#8221;30px||62px|&#8221; column_padding_mobile=&#8221;on&#8221; parallax_method_1=&#8221;off&#8221; parallax_method_2=&#8221;off&#8221; parallax_method_3=&#8221;off&#8221; module_class=&#8221; et_pb_row_fullwidth&#8221; _builder_version=&#8221;3.22.3&#8243; background_size=&#8221;initial&#8221; background_position=&#8221;top_left&#8221; background_repeat=&#8221;repeat&#8221; width=&#8221;94%&#8221; width_tablet=&#8221;80%&#8221; width_last_edited=&#8221;on|desktop&#8221; max_width=&#8221;94%&#8221; max_width_tablet=&#8221;80%&#8221; max_width_last_edited=&#8221;on|desktop&#8221; make_fullwidth=&#8221;on&#8221;][et_pb_column type=&#8221;1_3&#8243; _builder_version=&#8221;3.0.47&#8243;][et_pb_text admin_label=&#8221;Rodape nome do site&#8221; _builder_version=&#8221;3.4.1&#8243; text_font=&#8221;||||&#8221; text_text_color=&#8221;#ffffff&#8221; text_font_size=&#8221;17px&#8221; text_line_height=&#8221;1.4em&#8221; background_size=&#8221;initial&#8221; background_position=&#8221;top_left&#8221; background_repeat=&#8221;repeat&#8221; custom_margin=&#8221;0px||0px||true&#8221; custom_padding=&#8221;0px||0px||true&#8221;]<\/p>\n<p>\u00a9 JD Classic Furniture<\/p>\n<p>[\/et_pb_text][et_pb_text admin_label=&#8221;Rodape nome do site&#8221; module_class=&#8221;linkfooter&#8221; _builder_version=&#8221;3.4.1&#8243; text_font=&#8221;||||&#8221; text_text_color=&#8221;#c1c1c1&#8243; text_line_height=&#8221;1.4em&#8221; background_size=&#8221;initial&#8221; background_position=&#8221;top_left&#8221; background_repeat=&#8221;repeat&#8221; custom_margin=&#8221;0px|-7px|0px||true&#8221; custom_margin_tablet=&#8221;|0px||&#8221; custom_margin_last_edited=&#8221;on|desktop&#8221; custom_padding=&#8221;6px||6px||true&#8221;]<\/p>\n<p><a href=\"https:\/\/jdclassicfurniture.com\/pt\/protecao-de-dados\/#PP\">Pol\u00edtica de Privacidade<\/a> | <a href=\"https:\/\/jdclassicfurniture.com\/pt\/protecao-de-dados\/#RLO\">Resolu\u00e7\u00e3o de Lit\u00edgios Online<\/a> | <a href=\"https:\/\/jdclassicfurniture.com\/pt\/protecao-de-dados\/#PC\">Pol\u00edtica de Cookies<\/a><\/p>\n<p>[\/et_pb_text][et_pb_text admin_label=&#8221;Rodape nome do site&#8221; _builder_version=&#8221;3.8&#8243; text_font=&#8221;||||&#8221; text_text_color=&#8221;#c1c1c1&#8243; text_line_height=&#8221;1.4em&#8221; background_size=&#8221;initial&#8221; background_position=&#8221;top_left&#8221; background_repeat=&#8221;repeat&#8221; custom_margin=&#8221;0px||0px||true&#8221; custom_padding=&#8221;0px||0px||true&#8221;]<\/p>\n<p>webdesign by: <span style=\"color: #c1c1c1;\"><a style=\"color: #c1c1c1;\" href=\"http:\/\/criativo.net\" target=\"_blank\" rel=\"noopener noreferrer\">criativo.net<\/a><br \/>webcontent by: infodevelop<\/span><\/p>\n<p>[\/et_pb_text][\/et_pb_column][et_pb_column type=&#8221;1_3&#8243; _builder_version=&#8221;3.0.47&#8243;][et_pb_image src=&#8221;https:\/\/jdclassicfurniture.com\/pt\/wp-content\/uploads\/2017\/11\/sponsors_wth.png&#8221; url=&#8221;https:\/\/jdclassicfurniture.com\/pt\/portugal-2020\/&#8221; align=&#8221;center&#8221; align_tablet=&#8221;center&#8221; align_last_edited=&#8221;on|desktop&#8221; _builder_version=&#8221;3.23&#8243; custom_margin=&#8221;0px|-5px|0px|&#8221; custom_margin_tablet=&#8221;|0px||&#8221; custom_margin_last_edited=&#8221;on|desktop&#8221; custom_padding=&#8221;0px||0px|&#8221;][\/et_pb_image][\/et_pb_column][et_pb_column type=&#8221;1_3&#8243; _builder_version=&#8221;3.0.47&#8243;][et_pb_social_media_follow disabled_on=&#8221;on|on|off&#8221; admin_label=&#8221;Redes sociais&#8221; _builder_version=&#8221;3.0.87&#8243; border_radii=&#8221;on|100%|100%|100%|100%&#8221; text_orientation=&#8221;right&#8221; custom_margin=&#8221;0px||0px|&#8221; custom_padding=&#8221;0px||0px|&#8221; link_shape=&#8221;circle&#8221;][et_pb_social_media_follow_network social_network=&#8221;facebook&#8221; _builder_version=&#8221;3.0.47&#8243; background_color=&#8221;#3b5998&#8243; bg_color=&#8221;#3b5998&#8243; link_shape=&#8221;circle&#8221; follow_button=&#8221;off&#8221; url_new_window=&#8221;on&#8221;]facebook[\/et_pb_social_media_follow_network][\/et_pb_social_media_follow][et_pb_social_media_follow disabled_on=&#8221;off|off|on&#8221; admin_label=&#8221;Redes sociais&#8221; _builder_version=&#8221;3.0.87&#8243; border_radii=&#8221;on|100%|100%|100%|100%&#8221; text_orientation=&#8221;left&#8221; custom_margin=&#8221;0px||0px|&#8221; custom_padding=&#8221;0px||0px|&#8221; link_shape=&#8221;circle&#8221;][et_pb_social_media_follow_network social_network=&#8221;facebook&#8221; _builder_version=&#8221;3.0.47&#8243; background_color=&#8221;#3b5998&#8243; bg_color=&#8221;#3b5998&#8243; link_shape=&#8221;circle&#8221; follow_button=&#8221;off&#8221; url_new_window=&#8221;on&#8221;]facebook[\/et_pb_social_media_follow_network][\/et_pb_social_media_follow][\/et_pb_column][\/et_pb_row][\/et_pb_section]<\/p>\n","protected":false},"excerpt":{"rendered":"<p>[et_pb_section fb_built=&#8221;1&#8243; _builder_version=&#8221;3.22.3&#8243; background_color=&#8221;#e5e5e5&#8243; custom_margin=&#8221;0px||0px||true&#8221; custom_padding=&#8221;60px||60px||true&#8221; locked=&#8221;off&#8221;][et_pb_row use_custom_gutter=&#8221;on&#8221; gutter_width=&#8221;2&#8243; custom_padding=&#8221;0px||0px||true&#8221; custom_margin=&#8221;0px||0px||true&#8221; _builder_version=&#8221;3.22.3&#8243;][et_pb_column type=&#8221;4_4&#8243; _builder_version=&#8221;3.21.4&#8243;][et_pb_text admin_label=&#8221;T\u00edtulo&#8221; _builder_version=&#8221;3.23.3&#8243; header_font=&#8221;|||on|&#8221; header_text_align=&#8221;center&#8221; header_font_size=&#8221;35px&#8221; header_line_height=&#8221;1.3em&#8221; text_orientation=&#8221;center&#8221; custom_margin=&#8221;||0px|&#8221; custom_padding=&#8221;||0px|&#8221; animation_direction=&#8221;left&#8221; header_font_size_tablet=&#8221;30px&#8221; header_font_size_phone=&#8221;28px&#8221; header_font_size_last_edited=&#8221;on|desktop&#8221;] As nossas not\u00edcias [\/et_pb_text][et_pb_divider color=&#8221;#B3B3B3&#8243; divider_position=&#8221;center&#8221; divider_weight=&#8221;1px&#8221; disabled_on=&#8221;off|off|off&#8221; admin_label=&#8221;Separador&#8221; _builder_version=&#8221;3.21.4&#8243; max_width=&#8221;100px&#8221; module_alignment=&#8221;center&#8221; height=&#8221;40px&#8221; custom_margin=&#8221;0px||30px||false&#8221; custom_padding=&#8221;0px||0px||true&#8221; custom_css_main_element=&#8221;||&#8221; hide_on_mobile=&#8221;off&#8221;][\/et_pb_divider][et_pb_blog fullwidth=&#8221;off&#8221; posts_number=&#8221;100&#8243; show_author=&#8221;off&#8221; show_categories=&#8221;off&#8221; show_pagination=&#8221;off&#8221; _builder_version=&#8221;3.23.3&#8243; header_font=&#8221;||||||||&#8221; header_line_height=&#8221;1.2em&#8221; border_radii=&#8221;on|5px|5px|5px|5px&#8221; custom_margin=&#8221;0px||0px||true&#8221; custom_padding=&#8221;0px||0px||true&#8221; [&hellip;]<\/p>\n","protected":false},"author":3,"featured_media":0,"parent":0,"menu_order":0,"comment_status":"closed","ping_status":"closed","template":"","meta":{"_et_pb_use_builder":"on","_et_pb_old_content":"","_et_gb_content_width":""},"_links":{"self":[{"href":"https:\/\/jdclassicfurniture.com\/pt\/wp-json\/wp\/v2\/pages\/36123"}],"collection":[{"href":"https:\/\/jdclassicfurniture.com\/pt\/wp-json\/wp\/v2\/pages"}],"about":[{"href":"https:\/\/jdclassicfurniture.com\/pt\/wp-json\/wp\/v2\/types\/page"}],"author":[{"embeddable":true,"href":"https:\/\/jdclassicfurniture.com\/pt\/wp-json\/wp\/v2\/users\/3"}],"replies":[{"embeddable":true,"href":"https:\/\/jdclassicfurniture.com\/pt\/wp-json\/wp\/v2\/comments?post=36123"}],"version-history":[{"count":3,"href":"https:\/\/jdclassicfurniture.com\/pt\/wp-json\/wp\/v2\/pages\/36123\/revisions"}],"predecessor-version":[{"id":36128,"href":"https:\/\/jdclassicfurniture.com\/pt\/wp-json\/wp\/v2\/pages\/36123\/revisions\/36128"}],"wp:attachment":[{"href":"https:\/\/jdclassicfurniture.com\/pt\/wp-json\/wp\/v2\/media?parent=36123"}],"curies":[{"name":"wp","href":"https:\/\/api.w.org\/{rel}","templated":true}]}}